{"id":221,"date":"2025-11-19T20:53:32","date_gmt":"2025-11-19T19:53:32","guid":{"rendered":"https:\/\/bien-etre-chat.fr\/?page_id=221"},"modified":"2025-12-04T16:55:47","modified_gmt":"2025-12-04T15:55:47","slug":"mon-accompagnement","status":"publish","type":"page","link":"https:\/\/bien-etre-chat.fr\/?page_id=221","title":{"rendered":"Mon accompagnement"},"content":{"rendered":"\n<h3 class=\"wp-block-heading\"><strong>Comprendre et accompagner votre chat pour une relation harmonieuse<\/strong><\/h3>\n\n\n\n<p><\/p>\n\n\n\n<p>Chaque chat est un monde \u00e0 d\u00e9couvrir, sensible, aux besoins subtils et \u00e0 la personnalit\u00e9 unique. Une \u00e9coute attentive et une compr\u00e9hension profonde de ses attitudes et comportements sont essentielles, et ouvre la porte \u00e0 un lien privil\u00e9gi\u00e9 avec lui.<\/p>\n\n\n\n<p><\/p>\n\n\n\n<p>Un chat a besoin de s\u00e9curit\u00e9, d\u2019affection et d\u2019un environnement adapt\u00e9 \u00e0 ses instincts naturels. Offrir cet \u00e9quilibre, c\u2019est poser les bases d\u2019une cohabitation sereine, consciente, respectueuse et enrichissante, une famille o\u00f9 chacun s\u2019\u00e9coute et trouve sa place.<\/p>\n\n\n\n<p><\/p>\n\n\n\n<h4 class=\"wp-block-heading\"><strong>Qui suis-je ?<\/strong><\/h4>\n\n\n\n<p><\/p>\n\n\n\n<p>Passionn\u00e9e par les f\u00e9lins depuis toujours, c\u2019est l\u2019arriv\u00e9e de mon chat Poupy qui a tout d\u00e9clench\u00e9. Il a \u00e9t\u00e9 l\u2019\u00e9tincelle me poussant \u00e0 me former comme <strong>comportementaliste f\u00e9lin certifi\u00e9e<\/strong> aupr\u00e8s du centre Animautopia. L\u2019accueillir dans ma vie, c\u2019\u00e9tait aussi entrer dans la sienne, j\u2019ai souhait\u00e9 apprendre \u00e0 le conna\u00eetre et \u00e0 le comprendre. Il m\u2019a tant transmis en retour, me faisant grandir chaque jour.<\/p>\n\n\n\n<p><\/p>\n\n\n\n<p>De cette passion est n\u00e9 Bien-etre-chat, un espace enti\u00e8rement d\u00e9di\u00e9 au bien-\u00eatre des chats et de leurs humains, o\u00f9 je mets mon expertise et toute ma bienveillance \u00e0 votre service, pour faire de votre relation avec votre chat un v\u00e9ritable cadeau mutuel.<\/p>\n\n\n<div class=\"wp-block-image is-style-rounded\">\n<figure class=\"aligncenter size-full is-resized\"><img loading=\"lazy\" decoding=\"async\" width=\"900\" height=\"635\" src=\"https:\/\/bien-etre-chat.fr\/wp-content\/uploads\/2025\/11\/photomania-cf37bddcfa8b2c6f0d0628c0b6bfb7c0.jpg\" alt=\"\" class=\"wp-image-265\" style=\"aspect-ratio:1.4173228346456692;width:444px;height:auto\" srcset=\"https:\/\/bien-etre-chat.fr\/wp-content\/uploads\/2025\/11\/photomania-cf37bddcfa8b2c6f0d0628c0b6bfb7c0.jpg 900w, https:\/\/bien-etre-chat.fr\/wp-content\/uploads\/2025\/11\/photomania-cf37bddcfa8b2c6f0d0628c0b6bfb7c0-300x212.jpg 300w, https:\/\/bien-etre-chat.fr\/wp-content\/uploads\/2025\/11\/photomania-cf37bddcfa8b2c6f0d0628c0b6bfb7c0-768x542.jpg 768w\" sizes=\"auto, (max-width: 900px) 100vw, 900px\" \/><\/figure>\n<\/div>\n\n\n<h4 class=\"wp-block-heading\"> <strong>Un accompagnement pour vous et votre f\u00e9lin<\/strong><\/h4>\n\n\n\n<p><\/p>\n\n\n\n<p>Je vous propose un soutien personnalis\u00e9 bas\u00e9 sur :<\/p>\n\n\n\n<p><\/p>\n\n\n\n<ul class=\"wp-block-list\">\n<li><strong>L&rsquo;observation <\/strong><strong>minutieuse<\/strong><strong> :<\/strong> Analyse de votre chat, son cadre de vie et votre dynamique commune.<\/li>\n\n\n\n<li><strong>L&rsquo;\u00e9coute bienveillante :<\/strong> Compr\u00e9hension de vos craintes et de vos attentes,<\/li>\n\n\n\n<li><strong>Des solutions adapt\u00e9es :<\/strong> Cl\u00e9s d&rsquo;interpr\u00e9tation des comportements de votre chat et pistes de r\u00e9solution, respectueuses de son bien-\u00eatre et du v\u00f4tre,<\/li>\n\n\n\n<li><strong>Cr\u00e9er un lien apais\u00e9 et durable<\/strong>, o\u00f9 communication et complicit\u00e9 prennent tout leur sens.<\/li>\n<\/ul>\n\n\n\n<p><\/p>\n\n\n\n<p>Ensemble, nous pouvons :<\/p>\n\n\n\n<p><\/p>\n\n\n\n<ul class=\"wp-block-list\">\n<li><strong>Changer de regard<\/strong> sur votre chat et enrichir votre relation.<\/li>\n\n\n\n<li><strong>Fluidifier la communication<\/strong> au sein de votre foyer pour apaiser les tensions.<\/li>\n\n\n\n<li><strong>R<\/strong><strong>epenser son quotidien<\/strong> pour son bien-\u00eatre et le v\u00f4tre.<\/li>\n\n\n\n<li><strong>Anticiper et mieux g\u00e9rer<\/strong> les situations d\u00e9licates.<\/li>\n\n\n\n<li><strong>D\u00e9construire<\/strong> les id\u00e9es re\u00e7ues qui nuisent \u00e0 son bien-\u00eatre<\/li>\n<\/ul>\n\n\n\n<h4 class=\"wp-block-heading\"><\/h4>\n\n\n\n<h4 class=\"wp-block-heading\"><strong>Pour une vie plus riche avec votre compagnon<\/strong><\/h4>\n\n\n\n<p><\/p>\n\n\n\n<p>Je vous invite \u00e0 me confier vos doutes et vos pr\u00e9occupations, construisons ensembles une relation plus saine, plus douce et plus complice avec votre pr\u00e9cieux compagnon.<\/p>\n\n\n\n<p><strong><br><em>Chaque moment pass\u00e9 avec lui est une source de bonheur \u00e0 cultiver<\/em><\/strong>.<\/p>\n\n\n\n<p><\/p>\n\n\n\n<p><\/p>\n\n\n\n<p><\/p>\n","protected":false},"excerpt":{"rendered":"<p>Comprendre et accompagner votre chat pour une relation harmonieuse Chaque chat est un monde \u00e0 d\u00e9couvrir, sensible, aux besoins subtils et \u00e0 la personnalit\u00e9 unique. Une \u00e9coute attentive et une compr\u00e9hension profonde de ses attitudes et comportements sont essentielles, et ouvre la porte \u00e0 un lien privil\u00e9gi\u00e9 avec lui. Un chat a besoin de s\u00e9curit\u00e9, [&hellip;]<\/p>\n","protected":false},"author":1,"featured_media":0,"parent":0,"menu_order":0,"comment_status":"closed","ping_status":"closed","template":"","meta":{"footnotes":""},"class_list":["post-221","page","type-page","status-publish","hentry"],"_links":{"self":[{"href":"https:\/\/bien-etre-chat.fr\/index.php?rest_route=\/wp\/v2\/pages\/221","targetHints":{"allow":["GET"]}}],"collection":[{"href":"https:\/\/bien-etre-chat.fr\/index.php?rest_route=\/wp\/v2\/pages"}],"about":[{"href":"https:\/\/bien-etre-chat.fr\/index.php?rest_route=\/wp\/v2\/types\/page"}],"author":[{"embeddable":true,"href":"https:\/\/bien-etre-chat.fr\/index.php?rest_route=\/wp\/v2\/users\/1"}],"replies":[{"embeddable":true,"href":"https:\/\/bien-etre-chat.fr\/index.php?rest_route=%2Fwp%2Fv2%2Fcomments&post=221"}],"version-history":[{"count":10,"href":"https:\/\/bien-etre-chat.fr\/index.php?rest_route=\/wp\/v2\/pages\/221\/revisions"}],"predecessor-version":[{"id":292,"href":"https:\/\/bien-etre-chat.fr\/index.php?rest_route=\/wp\/v2\/pages\/221\/revisions\/292"}],"wp:attachment":[{"href":"https:\/\/bien-etre-chat.fr\/index.php?rest_route=%2Fwp%2Fv2%2Fmedia&parent=221"}],"curies":[{"name":"wp","href":"https:\/\/api.w.org\/{rel}","templated":true}]}}