{"id":246,"date":"2025-11-21T21:13:58","date_gmt":"2025-11-21T20:13:58","guid":{"rendered":"https:\/\/bien-etre-chat.fr\/?page_id=246"},"modified":"2025-11-27T18:50:51","modified_gmt":"2025-11-27T17:50:51","slug":"accueil","status":"publish","type":"page","link":"https:\/\/bien-etre-chat.fr\/","title":{"rendered":"Accueil"},"content":{"rendered":"<div class=\"wp-block-image is-style-rounded\">\n<figure class=\"aligncenter size-large is-resized\"><img loading=\"lazy\" decoding=\"async\" width=\"1024\" height=\"856\" src=\"https:\/\/bien-etre-chat.fr\/wp-content\/uploads\/2025\/11\/P6270061-1024x856.jpg\" alt=\"\" class=\"wp-image-262\" style=\"aspect-ratio:1.1962616822429906;width:412px;height:auto\" srcset=\"https:\/\/bien-etre-chat.fr\/wp-content\/uploads\/2025\/11\/P6270061-1024x856.jpg 1024w, https:\/\/bien-etre-chat.fr\/wp-content\/uploads\/2025\/11\/P6270061-300x251.jpg 300w, https:\/\/bien-etre-chat.fr\/wp-content\/uploads\/2025\/11\/P6270061-768x642.jpg 768w, https:\/\/bien-etre-chat.fr\/wp-content\/uploads\/2025\/11\/P6270061-1536x1283.jpg 1536w, https:\/\/bien-etre-chat.fr\/wp-content\/uploads\/2025\/11\/P6270061-2048x1711.jpg 2048w\" sizes=\"auto, (max-width: 1024px) 100vw, 1024px\" \/><\/figure>\n<\/div>\n\n\n<p class=\"has-text-align-center\"><strong><em>Comportementaliste Sp\u00e9cialiste du Chat<\/em><\/strong><\/p>\n\n\n\n<p><\/p>\n\n\n\n<p><strong>Votre chat vous parle\u2026 mais ne comprenez-vous plus son langage ?<\/strong><\/p>\n\n\n\n<p><\/p>\n\n\n\n<p>Griffades sur le canap\u00e9, \u00e9limination hors liti\u00e8re, agressivit\u00e9 soudaine, miaulements nocturnes, m\u00e9sentente entre vos chats d\u00e9m\u00e9nagement, ou l\u2019arriv\u00e9e d\u2019un nouveau membre dans la famille\u2026 Ces comportements, souvent d\u00e9routants, sont en r\u00e9alit\u00e9 des messages que votre chat tente de vous envoyer.<\/p>\n\n\n\n<p><\/p>\n\n\n\n<p><strong>Je suis l\u00e0 pour vous aider \u00e0 les d\u00e9coder<\/strong><\/p>\n\n\n\n<p><\/p>\n\n\n\n<p>Mon approche bienveillante et personnalis\u00e9e s\u2019appuie sur l\u2019\u00e9thologie f\u00e9line pour des solutions durables, respectueuses de sa nature profonde.<\/p>\n\n\n\n<p><\/p>\n\n\n\n<p>Que vous souhaitiez r\u00e9soudre une difficult\u00e9 pr\u00e9cise ou simplement mieux comprendre votre compagnon \u00e0 quatre pattes et lui apporter plus de confort, <strong>je vous guide vers un \u00e9quilibre apais\u00e9<\/strong> pour toute la famille \u2014 humains et f\u00e9lins.<\/p>\n\n\n\n<p><\/p>\n\n\n\n<p><strong>Plongez dans l\u2019univers fascinant de votre f\u00e9lin<\/strong> et d\u00e9couvrez :<\/p>\n\n\n\n<p><\/p>\n\n\n\n<ul class=\"wp-block-list\">\n<li><strong>Son bien-\u00eatre et ses besoins fondamentaux<\/strong><\/li>\n\n\n\n<li><strong>Ses codes de communication et son langage corporel<\/strong><\/li>\n\n\n\n<li><strong>Ses \u00e9motions et sa perception de son environnement<\/strong><\/li>\n\n\n\n<li><strong>Votre relation et votre complicit\u00e9 mutuelle<\/strong><\/li>\n\n\n\n<li><strong>Les id\u00e9es re\u00e7ues et croyances erron\u00e9es <\/strong><strong>qui nuisent \u00e0 sa compr\u00e9hension<\/strong><\/li>\n<\/ul>\n\n\n\n<p><\/p>\n\n\n\n<p><strong>Et si vous regardiez votre chat autrement ?<\/strong><\/p>\n\n\n\n<p>\u00c0 l\u2019issue de mon accompagnement, vous porterez un regard nouveau sur cet \u00eatre sensible et myst\u00e9rieux qui partage votre quotidien.<\/p>\n\n\n\n<p><\/p>\n\n\n\n<p><strong>Pr\u00eat \u00e0 retrouver l\u2019harmonie avec votre chat ? N\u2019h\u00e9sitez pas \u00e0 me contacter pour \u00e9changer.<\/strong><\/p>\n\n\n<div class=\"wp-block-image is-style-rounded\">\n<figure class=\"aligncenter size-large is-resized\"><img loading=\"lazy\" decoding=\"async\" width=\"768\" height=\"1024\" src=\"https:\/\/bien-etre-chat.fr\/wp-content\/uploads\/2025\/11\/P3010187-768x1024.jpg\" alt=\"\" class=\"wp-image-263\" style=\"aspect-ratio:0.75;width:298px;height:auto\" srcset=\"https:\/\/bien-etre-chat.fr\/wp-content\/uploads\/2025\/11\/P3010187-768x1024.jpg 768w, https:\/\/bien-etre-chat.fr\/wp-content\/uploads\/2025\/11\/P3010187-225x300.jpg 225w, https:\/\/bien-etre-chat.fr\/wp-content\/uploads\/2025\/11\/P3010187-1152x1536.jpg 1152w, https:\/\/bien-etre-chat.fr\/wp-content\/uploads\/2025\/11\/P3010187-1536x2048.jpg 1536w, https:\/\/bien-etre-chat.fr\/wp-content\/uploads\/2025\/11\/P3010187-scaled.jpg 1920w\" sizes=\"auto, (max-width: 768px) 100vw, 768px\" \/><\/figure>\n<\/div>","protected":false},"excerpt":{"rendered":"<p>Comportementaliste Sp\u00e9cialiste du Chat Votre chat vous parle\u2026 mais ne comprenez-vous plus son langage ? Griffades sur le canap\u00e9, \u00e9limination hors liti\u00e8re, agressivit\u00e9 soudaine, miaulements nocturnes, m\u00e9sentente entre vos chats d\u00e9m\u00e9nagement, ou l\u2019arriv\u00e9e d\u2019un nouveau membre dans la famille\u2026 Ces comportements, souvent d\u00e9routants, sont en r\u00e9alit\u00e9 des messages que votre chat tente de vous envoyer. [&hellip;]<\/p>\n","protected":false},"author":1,"featured_media":0,"parent":0,"menu_order":0,"comment_status":"closed","ping_status":"closed","template":"","meta":{"footnotes":""},"class_list":["post-246","page","type-page","status-publish","hentry"],"_links":{"self":[{"href":"https:\/\/bien-etre-chat.fr\/index.php?rest_route=\/wp\/v2\/pages\/246","targetHints":{"allow":["GET"]}}],"collection":[{"href":"https:\/\/bien-etre-chat.fr\/index.php?rest_route=\/wp\/v2\/pages"}],"about":[{"href":"https:\/\/bien-etre-chat.fr\/index.php?rest_route=\/wp\/v2\/types\/page"}],"author":[{"embeddable":true,"href":"https:\/\/bien-etre-chat.fr\/index.php?rest_route=\/wp\/v2\/users\/1"}],"replies":[{"embeddable":true,"href":"https:\/\/bien-etre-chat.fr\/index.php?rest_route=%2Fwp%2Fv2%2Fcomments&post=246"}],"version-history":[{"count":6,"href":"https:\/\/bien-etre-chat.fr\/index.php?rest_route=\/wp\/v2\/pages\/246\/revisions"}],"predecessor-version":[{"id":287,"href":"https:\/\/bien-etre-chat.fr\/index.php?rest_route=\/wp\/v2\/pages\/246\/revisions\/287"}],"wp:attachment":[{"href":"https:\/\/bien-etre-chat.fr\/index.php?rest_route=%2Fwp%2Fv2%2Fmedia&parent=246"}],"curies":[{"name":"wp","href":"https:\/\/api.w.org\/{rel}","templated":true}]}}