{"id":33,"date":"2023-09-21T19:45:34","date_gmt":"2023-09-21T17:45:34","guid":{"rendered":"http:\/\/bien-etre-chat.fr\/?page_id=33"},"modified":"2024-06-06T15:50:07","modified_gmt":"2024-06-06T13:50:07","slug":"quest-ce-quun-comportementaliste","status":"publish","type":"page","link":"https:\/\/bien-etre-chat.fr\/?page_id=33","title":{"rendered":"Qu&rsquo;est-ce qu&rsquo;un comportementaliste"},"content":{"rendered":"\n<p><\/p>\n\n\n<div class=\"wp-block-image is-resized is-style-rounded\">\n<figure class=\"aligncenter size-large\"><img loading=\"lazy\" decoding=\"async\" width=\"900\" height=\"635\" src=\"https:\/\/bien-etre-chat.fr\/wp-content\/uploads\/2023\/09\/photomania-cf37bddcfa8b2c6f0d0628c0b6bfb7c0.jpg\" alt=\"\" class=\"wp-image-107\" style=\"aspect-ratio:1.4173228346456692;width:454px;height:auto\" srcset=\"https:\/\/bien-etre-chat.fr\/wp-content\/uploads\/2023\/09\/photomania-cf37bddcfa8b2c6f0d0628c0b6bfb7c0.jpg 900w, https:\/\/bien-etre-chat.fr\/wp-content\/uploads\/2023\/09\/photomania-cf37bddcfa8b2c6f0d0628c0b6bfb7c0-300x212.jpg 300w, https:\/\/bien-etre-chat.fr\/wp-content\/uploads\/2023\/09\/photomania-cf37bddcfa8b2c6f0d0628c0b6bfb7c0-768x542.jpg 768w\" sizes=\"auto, (max-width: 900px) 100vw, 900px\" \/><\/figure>\n<\/div>\n\n\n<p style=\"font-size:15px\">      L\u2019essence m\u00eame de mon travail est de vous accompagner, de vous guider et de vous orienter vers une meilleure compr\u00e9hension des comportements de votre chat, de ses \u00e9motions et de son langage corporel pour une relation plus juste, plus fluide et plus saine avec votre chat, dans l\u2019intention qu\u2019il parvienne \u00e0 une meilleure adaptation dans sa vie \u00e0 vos c\u00f4t\u00e9s. Un nouveau chemin se dessine pour vous et pour lui o\u00f9 vous comprendrez l\u2019int\u00e9r\u00eat et le bien-\u00eatre qui en d\u00e9coule.<\/p>\n\n\n\n<p><\/p>\n\n\n\n<p style=\"font-size:15px\">      Je vous \u00e9claire sur qui il est, ce qu\u2019il ressent vraiment, ainsi que sur ses besoins fondamentaux (repos, alimentation, \u00e9limination, stimulations, affection) et sur ses codes de communication. C\u2019est en y r\u00e9pondant que vous am\u00e9liorez son bien-\u00eatre ainsi que le v\u00f4tre \u00e9galement. Le fait de maintenir croyances erron\u00e9es, id\u00e9es re\u00e7ues, conseils non professionnels, conceptions humaines et m\u00e9connaissances de l\u2019esp\u00e8ce f\u00e9line, nous conduit souvent \u00e0 une mauvaise interpr\u00e9tation des signaux du chat. De ce fait, des r\u00e9actions et r\u00e9ponses de notre part, inappropri\u00e9es envers lui, viennent amplifier des situations qui pourraient \u00eatre anticip\u00e9es.<\/p>\n\n\n\n<p><\/p>\n\n\n\n<p style=\"font-size:15px\">      Comportementaliste f\u00e9lin certifi\u00e9e dans les relations homme\/chat. Ma formation s\u2019appuie sur des \u00e9tudes scientifiques, ce qui m\u2019a permis d\u2019acqu\u00e9rir de solides comp\u00e9tences en \u00e9thologie, science qui \u00e9tudie le comportement des esp\u00e8ces animales et r\u00e9solution des probl\u00e8mes. Je me suis plus sp\u00e9cifiquement dirig\u00e9e vers le r\u00e9pertoire comportemental du chat, de sa r\u00e9action face \u00e0 son environnement, aux \u00eatres qui l\u2019entourent et \u00e0 son mode de communication, on parle alors d\u2019approche syst\u00e9mique. Je mets \u00e0 jour mes connaissances de mani\u00e8re continue, car les \u00e9tudes et donn\u00e9es \u00e9voluent constamment lorsque l\u2019on travaille avec le vivant.<\/p>\n\n\n\n<p><\/p>\n\n\n\n<p style=\"font-size:15px\">      Je vous am\u00e8ne \u00e0 voir et comprendre ses r\u00e9actions et vous explique ce qui le conduit \u00e0 produire certains comportements g\u00eanants pour vous, cependant si instinctifs et naturels pour lui. Quand vos contraintes et exigences deviennent trop importantes, que son lieu de vie est inadapt\u00e9 et ins\u00e9cure, ses besoins essentiels non assouvis, des comportements adaptatifs et de compensation tout \u00e0 fait l\u00e9gitime peuvent appara\u00eetre afin de tenter de retrouver un \u00e9quilibre \u00e9motionnel et faire passer un message, ceux-ci r\u00e9v\u00e8lent un v\u00e9ritable mal-\u00eatre, qui lui permettent d\u2019\u00e9vacuer son inconfort, ses tensions et frustrations, et de s\u2019apaiser face \u00e0 une situation qu\u2019il n\u2019est plus \u00e0 m\u00eame de surmonter.<\/p>\n\n\n\n<p><\/p>\n\n\n\n<p style=\"font-size:15px\">      Je d\u00e9termine l\u2019origine des probl\u00e8mes de cohabitation entre le propri\u00e9taire et son animal de compagnie. Par l\u2019observation minutieuse de ses attitudes, postures et d\u00e9placements, je lis le langage de votre chat, j\u2019analyse ce qui provoque ses comportements dits g\u00eanants et identifie les causes d\u00e9clenchantes avec pr\u00e9cision afin d\u2019agir dessus et ainsi r\u00e9soudre la situation. Je n\u2019interviens pas directement sur l\u2019animal, seulement sur la bonne organisation et l\u2019agencement de son milieu de vie, primordiale \u00e0 son \u00e9quilibre et \u00e0 la r\u00e9gulation des interactions que vous avez avec lui.<\/p>\n\n\n\n<p><\/p>\n\n\n\n<p style=\"font-size:15px\">      Et en aucun cas, je ne me substitue au diagnostic d\u2019un v\u00e9t\u00e9rinaire, une pathologie peut-\u00eatre la cause d\u2019un changement comportemental, si aucune cause physiologique n\u2019a \u00e9t\u00e9 d\u00e9cel\u00e9e et qu\u2019il s\u2019agit d\u2019un stress ou de l\u2019anxi\u00e9t\u00e9, je peux alors prendre le relai, \u00e9valuer les causes et vous accompagner sans tarder afin d\u2019\u00e9viter d\u2019aggraver son mal-\u00eatre qui peut engendrer des probl\u00e8mes de sant\u00e9.<\/p>\n\n\n\n<p><\/p>\n\n\n\n<p style=\"font-size:15px\">      Je d\u00e9finis et propose ensuite des solutions durables, des protocoles personnalis\u00e9es, pr\u00e9cis et adapt\u00e9s, des changements \u00e0 mettre en place, propre \u00e0 chaque foyer que je d\u00e9couvre. Ancrer de nouvelles mani\u00e8res de vivre, afin qu\u2019elles deviennent naturelles sans \u00eatre v\u00e9cues comme des contraintes. Ainsi s\u2019op\u00e8re un r\u00e9\u00e9quilibrage de votre relation avec votre chat, afin que l\u2019harmonie perdure au sein de votre foyer.<\/p>\n\n\n\n<p><\/p>\n\n\n\n<p style=\"font-size:15px\">      Je vous donne les moyens d\u2019identifier et d\u2019interpr\u00e9ter ses signaux de confort et signes de stress, appr\u00e9hender la complexit\u00e9 de l\u2019esp\u00e8ce f\u00e9line et ses besoins sp\u00e9cifiques, afin de g\u00e9rer le plus facilement possible des situations g\u00eanantes et ceci en toute autonomie, dans le but d\u2019apaiser votre animal de mani\u00e8re \u00e0 tisser un lien empreint de respect et de confiance, nouer, recr\u00e9er ou maintenir une relation sereine et pleine de complicit\u00e9 pour le bien-\u00eatre de chacun.<\/p>\n\n\n\n<p><\/p>\n\n\n\n<p style=\"font-size:15px\">      La r\u00e9ussite d&rsquo;une th\u00e9rapie comportementale r\u00e9side surtout en l&rsquo;investissement personnel que vous souhaitez faire pour votre chat et vous-m\u00eame, afin d\u2019\u00e9voluer ensembles et individuellement. Les solutions donn\u00e9es \u00e0 appliquer sont entre vos mains, c\u2019est un travail commun que nous menons afin qu\u2019il porte pleinement ses fruits.<\/p>\n\n\n\n<p><\/p>\n","protected":false},"excerpt":{"rendered":"<p>L\u2019essence m\u00eame de mon travail est de vous accompagner, de vous guider et de vous orienter vers une meilleure compr\u00e9hension des comportements de votre chat, de ses \u00e9motions et de son langage corporel pour une relation plus juste, plus fluide et plus saine avec votre chat, dans l\u2019intention qu\u2019il parvienne \u00e0 une meilleure adaptation dans [&hellip;]<\/p>\n","protected":false},"author":1,"featured_media":0,"parent":0,"menu_order":0,"comment_status":"closed","ping_status":"closed","template":"","meta":{"footnotes":""},"class_list":["post-33","page","type-page","status-publish","hentry"],"_links":{"self":[{"href":"https:\/\/bien-etre-chat.fr\/index.php?rest_route=\/wp\/v2\/pages\/33","targetHints":{"allow":["GET"]}}],"collection":[{"href":"https:\/\/bien-etre-chat.fr\/index.php?rest_route=\/wp\/v2\/pages"}],"about":[{"href":"https:\/\/bien-etre-chat.fr\/index.php?rest_route=\/wp\/v2\/types\/page"}],"author":[{"embeddable":true,"href":"https:\/\/bien-etre-chat.fr\/index.php?rest_route=\/wp\/v2\/users\/1"}],"replies":[{"embeddable":true,"href":"https:\/\/bien-etre-chat.fr\/index.php?rest_route=%2Fwp%2Fv2%2Fcomments&post=33"}],"version-history":[{"count":10,"href":"https:\/\/bien-etre-chat.fr\/index.php?rest_route=\/wp\/v2\/pages\/33\/revisions"}],"predecessor-version":[{"id":204,"href":"https:\/\/bien-etre-chat.fr\/index.php?rest_route=\/wp\/v2\/pages\/33\/revisions\/204"}],"wp:attachment":[{"href":"https:\/\/bien-etre-chat.fr\/index.php?rest_route=%2Fwp%2Fv2%2Fmedia&parent=33"}],"curies":[{"name":"wp","href":"https:\/\/api.w.org\/{rel}","templated":true}]}}