{"id":37,"date":"2021-12-01T14:00:44","date_gmt":"2021-12-01T13:00:44","guid":{"rendered":"http:\/\/bien-etre-chat.fr\/?page_id=37"},"modified":"2023-09-25T19:01:01","modified_gmt":"2023-09-25T17:01:01","slug":"qui-suis-je","status":"publish","type":"page","link":"https:\/\/bien-etre-chat.fr\/?page_id=37","title":{"rendered":"Qui suis-je"},"content":{"rendered":"\n<p class=\"has-text-align-left\">        <\/p>\n\n\n\n<figure class=\"wp-block-image size-large is-resized is-style-rounded\"><img decoding=\"async\" src=\"https:\/\/bien-etre-chat.fr\/wp-content\/uploads\/2023\/09\/127236634_200686151523117_4778335656770531173_n-1-edited-1.jpg\" alt=\"\" class=\"wp-image-104\" width=\"332\" height=\"244.15833333333333\" srcset=\"https:\/\/bien-etre-chat.fr\/wp-content\/uploads\/2023\/09\/127236634_200686151523117_4778335656770531173_n-1-edited-1.jpg 480w, https:\/\/bien-etre-chat.fr\/wp-content\/uploads\/2023\/09\/127236634_200686151523117_4778335656770531173_n-1-edited-1-300x221.jpg 300w\" sizes=\"(max-width: 480px) 100vw, 480px\" \/><\/figure>\n\n\n\n<p><\/p>\n\n\n\n<p class=\"has-text-align-left\">         <em>Proche de la nature, des animaux et tout particuli\u00e8rement des f\u00e9lins, ces \u00eatres m\u2019ont toujours fascin\u00e9s. Ils me fascinent d\u2019autant plus qu\u2019aujourd\u2019hui les derni\u00e8res avanc\u00e9es, nous am\u00e8nent peu \u00e0 peu \u00e0 percer les myst\u00e8res de cet animal.<\/em><\/p>\n\n\n\n<p><\/p>\n\n\n\n<p>        <em>Leur fa\u00e7on d\u2019\u00eatre, de se mouvoir, leur exceptionnelle agilit\u00e9, leur souplesse, leur grand sens de l\u2019\u00e9quilibre, incarnent pour moi la gr\u00e2ce, l\u2019\u00e9l\u00e9gance et la d\u00e9licatesse.<\/em><\/p>\n\n\n\n<p><\/p>\n\n\n\n<p><em>Complexe, discret, agissant dans un monde qui lui est propre, dou\u00e9 d\u2019une grande sensibilit\u00e9, le chat, on ne peut le contraindre, on peut juste l\u2019inciter, lui proposer, c\u2019est un travail subtil qui me nourrit.<\/em><\/p>\n\n\n\n<p><\/p>\n\n\n\n<p>        <em>L\u2019arriv\u00e9e de Kali dans notre vie, il y a 7 ans, est l\u2019origine du fabuleux bouleversement de mon parcours professionnel. Malgr\u00e9 des d\u00e9buts difficiles, car nous ne savions pas g\u00e9rer son \u00e9nergie de chaton et n\u2019employions pas les bonnes m\u00e9thodes pour l\u2019amener \u00e0 contr\u00f4ler ses griffures et morsures lors des moments de jeux, j\u2019ai donc recherch\u00e9 toutes sortes de conseils sur internet qui n\u2019ont pas fonctionn\u00e9.<\/em><\/p>\n\n\n\n<p><\/p>\n\n\n\n<p>        <em>Je me suis rapidement aper\u00e7ue que vivre avec un chat quand on ne conna\u00eet pas suffisamment l\u2019esp\u00e8ce et surtout son r\u00e9pertoire comportemental, c&rsquo;est improviser son bonheur et ce n\u2019est pas du tout ce que je souhaitais. Je d\u00e9sirais r\u00e9ellement m\u2019investir dans cet \u00e9change.<\/em><\/p>\n\n\n\n<p><\/p>\n\n\n\n<p>        <em>Puis, j\u2019ai d\u00e9couvert le m\u00e9tier de comportementaliste f\u00e9lin et j\u2019ai contact\u00e9 Gwendoline Le Peutrec-Redon, comportementaliste et formatrice, une vrai r\u00e9f\u00e9rence dans le domaine. Ayant mis ses conseils scrupuleusement en application, ceux-ci ont rapidement port\u00e9 leurs fruits.<\/em><\/p>\n\n\n\n<p><em>De-l\u00e0, un monde s&rsquo;est ouvert \u00e0 moi, celui du bonheur Homme-Chat. Afin de conna\u00eetre les r\u00e9els besoins de Kali, j\u2019ai commenc\u00e9 par m\u2019enrichir de diverses lectures et vid\u00e9os sur ce m\u00e9tier. Souhaitant aller plus loin dans la compr\u00e9hension du chat, comme une \u00e9vidence, j\u2019ai d\u00e9cid\u00e9 de me former aupr\u00e8s de Gwendoline, une professionnelle de qualit\u00e9. Je d\u00e9sire apporter du bien-\u00eatre tant \u00e0 l\u2019animal qu\u2019\u00e0 l\u2019humain afin d\u2019instaurer une compr\u00e9hension mutuelle pour une relation sereine et \u00e9quilibr\u00e9e. <\/em><\/p>\n\n\n\n<p><\/p>\n\n\n\n<p>        <em>Kali m\u2019accompagne et me guide vers une meilleure compr\u00e9hension de ses comportements et de la relation qui l\u2019unit \u00e0 l\u2019Homme. En l\u2019observant, en \u00e9tant attentive \u00e0 sa sant\u00e9, \u00e0 son bien-\u00eatre, \u00e0 respecter ses besoins et ses envies, il m\u2019am\u00e8ne au fil des ann\u00e9es \u00e0 d\u00e9velopper une relation empreinte de tendresse et de discernement. Qu\u2019il s\u2019\u00e9veille et qu\u2019il s\u2019\u00e9panouisse sereinement \u00e0 nos c\u00f4t\u00e9s est primordial \u00e0 mes yeux.<\/em><\/p>\n\n\n\n<p><\/p>\n\n\n\n<p>        <em>Je peux dire aujourd\u2019hui que vivre avec un petit f\u00e9lin est un pur bonheur, il nous apporte \u00e9norm\u00e9ment de s\u00e9r\u00e9nit\u00e9, un retour \u00e0 l&rsquo;essentiel. Il a intuitivement l\u2019air de savoir ce qu&rsquo;il faut faire pour se faire du bien, nous incite \u00e0 vivre l\u2019instant pr\u00e9sent, \u00e0 se poser et \u00e0 nous reconnecter \u00e0 nous-m\u00eame.<\/em><\/p>\n\n\n\n<p><\/p>\n","protected":false},"excerpt":{"rendered":"<p>Proche de la nature, des animaux et tout particuli\u00e8rement des f\u00e9lins, ces \u00eatres m\u2019ont toujours fascin\u00e9s. Ils me fascinent d\u2019autant plus qu\u2019aujourd\u2019hui les derni\u00e8res avanc\u00e9es, nous am\u00e8nent peu \u00e0 peu \u00e0 percer les myst\u00e8res de cet animal. Leur fa\u00e7on d\u2019\u00eatre, de se mouvoir, leur exceptionnelle agilit\u00e9, leur souplesse, leur grand sens de l\u2019\u00e9quilibre, incarnent pour [&hellip;]<\/p>\n","protected":false},"author":1,"featured_media":0,"parent":0,"menu_order":0,"comment_status":"closed","ping_status":"closed","template":"","meta":{"footnotes":""},"class_list":["post-37","page","type-page","status-publish","hentry"],"_links":{"self":[{"href":"https:\/\/bien-etre-chat.fr\/index.php?rest_route=\/wp\/v2\/pages\/37","targetHints":{"allow":["GET"]}}],"collection":[{"href":"https:\/\/bien-etre-chat.fr\/index.php?rest_route=\/wp\/v2\/pages"}],"about":[{"href":"https:\/\/bien-etre-chat.fr\/index.php?rest_route=\/wp\/v2\/types\/page"}],"author":[{"embeddable":true,"href":"https:\/\/bien-etre-chat.fr\/index.php?rest_route=\/wp\/v2\/users\/1"}],"replies":[{"embeddable":true,"href":"https:\/\/bien-etre-chat.fr\/index.php?rest_route=%2Fwp%2Fv2%2Fcomments&post=37"}],"version-history":[{"count":13,"href":"https:\/\/bien-etre-chat.fr\/index.php?rest_route=\/wp\/v2\/pages\/37\/revisions"}],"predecessor-version":[{"id":105,"href":"https:\/\/bien-etre-chat.fr\/index.php?rest_route=\/wp\/v2\/pages\/37\/revisions\/105"}],"wp:attachment":[{"href":"https:\/\/bien-etre-chat.fr\/index.php?rest_route=%2Fwp%2Fv2%2Fmedia&parent=37"}],"curies":[{"name":"wp","href":"https:\/\/api.w.org\/{rel}","templated":true}]}}